{"id":1507,"date":"2024-06-07T16:27:22","date_gmt":"2024-06-07T14:27:22","guid":{"rendered":"https:\/\/sites8.digitalya.es\/aquamelli.es\/?page_id=1507"},"modified":"2026-03-05T17:16:13","modified_gmt":"2026-03-05T16:16:13","slug":"contacto","status":"publish","type":"page","link":"https:\/\/aquamelli.es\/contacto\/","title":{"rendered":"Contacto"},"content":{"rendered":"\t\t<div data-elementor-type=\"wp-page\" data-elementor-id=\"1507\" class=\"elementor elementor-1507\" data-elementor-post-type=\"page\">\n\t\t\t\t\t\t<section class=\"elementor-section elementor-top-section elementor-element elementor-element-3f9028e3 elementor-section-boxed elementor-section-height-default elementor-section-height-default elementor-invisible\" data-id=\"3f9028e3\" data-element_type=\"section\" data-settings=\"{&quot;background_background&quot;:&quot;classic&quot;,&quot;animation&quot;:&quot;fadeIn&quot;,&quot;jet_parallax_layout_list&quot;:[]}\">\n\t\t\t\t\t\t\t<div class=\"elementor-background-overlay\"><\/div>\n\t\t\t\t\t\t\t<div class=\"elementor-container elementor-column-gap-default\">\n\t\t\t\t\t<div class=\"elementor-column elementor-col-50 elementor-top-column elementor-element elementor-element-20d8714\" data-id=\"20d8714\" data-element_type=\"column\">\n\t\t\t<div class=\"elementor-widget-wrap elementor-element-populated\">\n\t\t\t\t\t\t<div class=\"elementor-element elementor-element-54d794dc elementor-invisible elementor-widget elementor-widget-heading\" data-id=\"54d794dc\" data-element_type=\"widget\" data-settings=\"{&quot;_animation&quot;:&quot;fadeInDown&quot;}\" data-widget_type=\"heading.default\">\n\t\t\t\t<div class=\"elementor-widget-container\">\n\t\t\t\t\t<h1 class=\"elementor-heading-title elementor-size-default\">contacta<\/h1>\t\t\t\t<\/div>\n\t\t\t\t<\/div>\n\t\t\t\t\t<\/div>\n\t\t<\/div>\n\t\t\t\t<div class=\"elementor-column elementor-col-50 elementor-top-column elementor-element elementor-element-434c8883\" data-id=\"434c8883\" data-element_type=\"column\">\n\t\t\t<div class=\"elementor-widget-wrap elementor-element-populated\">\n\t\t\t\t\t\t<div class=\"elementor-element elementor-element-5fd93f9b elementor-invisible elementor-widget elementor-widget-heading\" data-id=\"5fd93f9b\" data-element_type=\"widget\" data-settings=\"{&quot;_animation&quot;:&quot;fadeInUp&quot;}\" data-widget_type=\"heading.default\">\n\t\t\t\t<div class=\"elementor-widget-container\">\n\t\t\t\t\t<h2 class=\"elementor-heading-title elementor-size-default\">Deja el mantenimiento de tu veh\u00edculo en las mejores manos. Cont\u00e1ctanos y reserva tu turno.<\/h2>\t\t\t\t<\/div>\n\t\t\t\t<\/div>\n\t\t\t\t\t<\/div>\n\t\t<\/div>\n\t\t\t\t\t<\/div>\n\t\t<\/section>\n\t\t\t\t<section class=\"elementor-section elementor-top-section elementor-element elementor-element-4d52bd79 elementor-section-boxed elementor-section-height-default elementor-section-height-default\" data-id=\"4d52bd79\" data-element_type=\"section\" data-settings=\"{&quot;background_background&quot;:&quot;classic&quot;,&quot;jet_parallax_layout_list&quot;:[]}\">\n\t\t\t\t\t\t<div class=\"elementor-container elementor-column-gap-default\">\n\t\t\t\t\t<div class=\"elementor-column elementor-col-100 elementor-top-column elementor-element elementor-element-86deee5\" data-id=\"86deee5\" data-element_type=\"column\">\n\t\t\t<div class=\"elementor-widget-wrap elementor-element-populated\">\n\t\t\t\t\t\t<div class=\"elementor-element elementor-element-1b8ebf3b elementor-align-justify envato-kit-221-button-style-full elementor-invisible elementor-widget elementor-widget-button\" data-id=\"1b8ebf3b\" data-element_type=\"widget\" data-settings=\"{&quot;_animation&quot;:&quot;fadeInUp&quot;}\" data-widget_type=\"button.default\">\n\t\t\t\t<div class=\"elementor-widget-container\">\n\t\t\t\t\t\t\t\t\t<div class=\"elementor-button-wrapper\">\n\t\t\t\t\t<a class=\"elementor-button elementor-button-link elementor-size-sm\" href=\"tel:647799981\">\n\t\t\t\t\t\t<span class=\"elementor-button-content-wrapper\">\n\t\t\t\t\t\t<span class=\"elementor-button-icon\">\n\t\t\t\t<svg aria-hidden=\"true\" class=\"e-font-icon-svg e-fas-arrow-right\" viewBox=\"0 0 448 512\" xmlns=\"http:\/\/www.w3.org\/2000\/svg\"><path d=\"M190.5 66.9l22.2-22.2c9.4-9.4 24.6-9.4 33.9 0L441 239c9.4 9.4 9.4 24.6 0 33.9L246.6 467.3c-9.4 9.4-24.6 9.4-33.9 0l-22.2-22.2c-9.5-9.5-9.3-25 .4-34.3L311.4 296H24c-13.3 0-24-10.7-24-24v-32c0-13.3 10.7-24 24-24h287.4L190.9 101.2c-9.8-9.3-10-24.8-.4-34.3z\"><\/path><\/svg>\t\t\t<\/span>\n\t\t\t\t\t\t\t\t\t<span class=\"elementor-button-text\">\u00bfPrefieres hablar directamente con uno de nuestros expertos? <\/span>\n\t\t\t\t\t<\/span>\n\t\t\t\t\t<\/a>\n\t\t\t\t<\/div>\n\t\t\t\t\t\t\t\t<\/div>\n\t\t\t\t<\/div>\n\t\t\t\t\t<\/div>\n\t\t<\/div>\n\t\t\t\t\t<\/div>\n\t\t<\/section>\n\t\t\t\t<section class=\"elementor-section elementor-top-section elementor-element elementor-element-3a8084a3 elementor-section-boxed elementor-section-height-default elementor-section-height-default elementor-invisible\" data-id=\"3a8084a3\" data-element_type=\"section\" data-settings=\"{&quot;background_background&quot;:&quot;classic&quot;,&quot;animation&quot;:&quot;fadeIn&quot;,&quot;jet_parallax_layout_list&quot;:[]}\">\n\t\t\t\t\t\t<div class=\"elementor-container elementor-column-gap-default\">\n\t\t\t\t\t<div class=\"elementor-column elementor-col-100 elementor-top-column elementor-element elementor-element-78c878fc\" data-id=\"78c878fc\" data-element_type=\"column\">\n\t\t\t<div class=\"elementor-widget-wrap elementor-element-populated\">\n\t\t\t\t\t\t<section class=\"elementor-section elementor-inner-section elementor-element elementor-element-4265391e elementor-section-boxed elementor-section-height-default elementor-section-height-default\" data-id=\"4265391e\" data-element_type=\"section\" data-settings=\"{&quot;jet_parallax_layout_list&quot;:[]}\">\n\t\t\t\t\t\t<div class=\"elementor-container elementor-column-gap-default\">\n\t\t\t\t\t<div class=\"elementor-column elementor-col-50 elementor-inner-column elementor-element elementor-element-70a0a369\" data-id=\"70a0a369\" data-element_type=\"column\">\n\t\t\t<div class=\"elementor-widget-wrap elementor-element-populated\">\n\t\t\t\t\t\t<div class=\"elementor-element elementor-element-48ab987f elementor-invisible elementor-widget elementor-widget-heading\" data-id=\"48ab987f\" data-element_type=\"widget\" data-settings=\"{&quot;_animation&quot;:&quot;fadeInUp&quot;,&quot;_animation_mobile&quot;:&quot;fadeIn&quot;}\" data-widget_type=\"heading.default\">\n\t\t\t\t<div class=\"elementor-widget-container\">\n\t\t\t\t\t<h2 class=\"elementor-heading-title elementor-size-default\">Pedir cita<\/h2>\t\t\t\t<\/div>\n\t\t\t\t<\/div>\n\t\t\t\t<div class=\"elementor-element elementor-element-481083f elementor-invisible elementor-widget elementor-widget-heading\" data-id=\"481083f\" data-element_type=\"widget\" data-settings=\"{&quot;_animation&quot;:&quot;fadeInUp&quot;,&quot;_animation_mobile&quot;:&quot;fadeIn&quot;,&quot;_animation_delay&quot;:&quot;350&quot;}\" data-widget_type=\"heading.default\">\n\t\t\t\t<div class=\"elementor-widget-container\">\n\t\t\t\t\t<h3 class=\"elementor-heading-title elementor-size-default\">Pl. Industrial Zi-3, 17, 21200 Aracena, Huelva, Espa\u00f1a<\/h3>\t\t\t\t<\/div>\n\t\t\t\t<\/div>\n\t\t\t\t<div class=\"elementor-element elementor-element-7451ef55 elementor-invisible elementor-widget elementor-widget-heading\" data-id=\"7451ef55\" data-element_type=\"widget\" data-settings=\"{&quot;_animation&quot;:&quot;fadeInUp&quot;,&quot;_animation_mobile&quot;:&quot;fadeIn&quot;}\" data-widget_type=\"heading.default\">\n\t\t\t\t<div class=\"elementor-widget-container\">\n\t\t\t\t\t<p class=\"elementor-heading-title elementor-size-default\"><a href=\"tel:959127262\"><strong>Whatsapp:<\/strong> 959127262<\/a><\/p>\t\t\t\t<\/div>\n\t\t\t\t<\/div>\n\t\t\t\t<div class=\"elementor-element elementor-element-6805aaac elementor-invisible elementor-widget elementor-widget-heading\" data-id=\"6805aaac\" data-element_type=\"widget\" data-settings=\"{&quot;_animation&quot;:&quot;fadeInUp&quot;,&quot;_animation_mobile&quot;:&quot;fadeIn&quot;}\" data-widget_type=\"heading.default\">\n\t\t\t\t<div class=\"elementor-widget-container\">\n\t\t\t\t\t<h4 class=\"elementor-heading-title elementor-size-default\"><a href=\"mailto:info@talleresmelli.com\">info@talleresmelli.com<\/a><\/h4>\t\t\t\t<\/div>\n\t\t\t\t<\/div>\n\t\t\t\t\t<\/div>\n\t\t<\/div>\n\t\t\t\t<div class=\"elementor-column elementor-col-50 elementor-inner-column elementor-element elementor-element-d0bc26\" data-id=\"d0bc26\" data-element_type=\"column\">\n\t\t\t<div class=\"elementor-widget-wrap elementor-element-populated\">\n\t\t\t\t\t\t<div class=\"elementor-element elementor-element-5bb9202a elementor-invisible elementor-widget elementor-widget-heading\" data-id=\"5bb9202a\" data-element_type=\"widget\" data-settings=\"{&quot;_animation&quot;:&quot;fadeInUp&quot;,&quot;_animation_mobile&quot;:&quot;fadeIn&quot;}\" data-widget_type=\"heading.default\">\n\t\t\t\t<div class=\"elementor-widget-container\">\n\t\t\t\t\t<h2 class=\"elementor-heading-title elementor-size-default\">Escr\u00edbenos<\/h2>\t\t\t\t<\/div>\n\t\t\t\t<\/div>\n\t\t\t\t<div class=\"elementor-element elementor-element-9a69588 elementor-button-align-stretch elementor-widget elementor-widget-form\" data-id=\"9a69588\" data-element_type=\"widget\" data-settings=\"{&quot;step_next_label&quot;:&quot;Siguiente&quot;,&quot;step_previous_label&quot;:&quot;Anterior&quot;,&quot;button_width&quot;:&quot;100&quot;,&quot;step_type&quot;:&quot;number_text&quot;,&quot;step_icon_shape&quot;:&quot;circle&quot;}\" data-widget_type=\"form.default\">\n\t\t\t\t<div class=\"elementor-widget-container\">\n\t\t\t\t\t\t\t<form class=\"elementor-form\" method=\"post\" name=\"Nuevo formulario\">\n\t\t\t<input type=\"hidden\" name=\"post_id\" value=\"1507\"\/>\n\t\t\t<input type=\"hidden\" name=\"form_id\" value=\"9a69588\"\/>\n\t\t\t<input type=\"hidden\" name=\"referer_title\" value=\"Aquamelli\" \/>\n\n\t\t\t\n\t\t\t<div class=\"elementor-form-fields-wrapper elementor-labels-\">\n\t\t\t\t\t\t\t\t<div class=\"elementor-field-type-text elementor-field-group elementor-column elementor-field-group-name elementor-col-100\">\n\t\t\t\t\t\t\t\t\t\t\t\t<label for=\"form-field-name\" class=\"elementor-field-label elementor-screen-only\">\n\t\t\t\t\t\t\t\tNombre\t\t\t\t\t\t\t<\/label>\n\t\t\t\t\t\t\t\t\t\t\t\t\t\t<input size=\"1\" type=\"text\" name=\"form_fields[name]\" id=\"form-field-name\" class=\"elementor-field elementor-size-sm  elementor-field-textual\" placeholder=\"Nombre\">\n\t\t\t\t\t\t\t\t\t\t\t<\/div>\n\t\t\t\t\t\t\t\t<div class=\"elementor-field-type-email elementor-field-group elementor-column elementor-field-group-email elementor-col-100 elementor-field-required\">\n\t\t\t\t\t\t\t\t\t\t\t\t<label for=\"form-field-email\" class=\"elementor-field-label elementor-screen-only\">\n\t\t\t\t\t\t\t\tCorreo electr\u00f3nico\t\t\t\t\t\t\t<\/label>\n\t\t\t\t\t\t\t\t\t\t\t\t\t\t<input size=\"1\" type=\"email\" name=\"form_fields[email]\" id=\"form-field-email\" class=\"elementor-field elementor-size-sm  elementor-field-textual\" placeholder=\"Correo electr\u00f3nico\" required=\"required\" aria-required=\"true\">\n\t\t\t\t\t\t\t\t\t\t\t<\/div>\n\t\t\t\t\t\t\t\t<div class=\"elementor-field-type-textarea elementor-field-group elementor-column elementor-field-group-message elementor-col-100\">\n\t\t\t\t\t\t\t\t\t\t\t\t<label for=\"form-field-message\" class=\"elementor-field-label elementor-screen-only\">\n\t\t\t\t\t\t\t\tMensaje\t\t\t\t\t\t\t<\/label>\n\t\t\t\t\t\t<textarea class=\"elementor-field-textual elementor-field  elementor-size-sm\" name=\"form_fields[message]\" id=\"form-field-message\" rows=\"4\" placeholder=\"Mensaje\"><\/textarea>\t\t\t\t<\/div>\n\t\t\t\t\t\t\t\t<div class=\"elementor-field-type-recaptcha_v3 elementor-field-group elementor-column elementor-field-group-field_c6c08f7 elementor-col-100 recaptcha_v3-bottomright\">\n\t\t\t\t\t<div class=\"elementor-field\" id=\"form-field-field_c6c08f7\"><div class=\"elementor-g-recaptcha\" data-sitekey=\"6Ldel4IqAAAAAII4-ADmZagmkJDk5grKMpxYhxdT\" data-type=\"v3\" data-action=\"Form\" data-badge=\"bottomright\" data-size=\"invisible\"><\/div><\/div>\t\t\t\t<\/div>\n\t\t\t\t\t\t\t\t<div class=\"elementor-field-group elementor-column elementor-field-type-submit elementor-col-100 e-form__buttons\">\n\t\t\t\t\t<button class=\"elementor-button elementor-size-sm\" type=\"submit\">\n\t\t\t\t\t\t<span class=\"elementor-button-content-wrapper\">\n\t\t\t\t\t\t\t\t\t\t\t\t\t\t\t\t\t\t\t\t\t\t<span class=\"elementor-button-text\">Enviar<\/span>\n\t\t\t\t\t\t\t\t\t\t\t\t\t<\/span>\n\t\t\t\t\t<\/button>\n\t\t\t\t<\/div>\n\t\t\t<\/div>\n\t\t<\/form>\n\t\t\t\t\t\t<\/div>\n\t\t\t\t<\/div>\n\t\t\t\t<div class=\"elementor-element elementor-element-1f97b8be elementor-widget elementor-widget-text-editor\" data-id=\"1f97b8be\" data-element_type=\"widget\" data-widget_type=\"text-editor.default\">\n\t\t\t\t<div class=\"elementor-widget-container\">\n\t\t\t\t\t\t\t\t\t<p>Env\u00edanos tu consulta y responderemos en 24h h\u00e1biles.\u00a0\u00a0<\/p>\t\t\t\t\t\t\t\t<\/div>\n\t\t\t\t<\/div>\n\t\t\t\t\t<\/div>\n\t\t<\/div>\n\t\t\t\t\t<\/div>\n\t\t<\/section>\n\t\t\t\t<div class=\"elementor-element elementor-element-2801a69c elementor-invisible elementor-widget elementor-widget-image\" data-id=\"2801a69c\" data-element_type=\"widget\" data-settings=\"{&quot;_animation&quot;:&quot;fadeInUp&quot;,&quot;_animation_mobile&quot;:&quot;fadeIn&quot;}\" data-widget_type=\"image.default\">\n\t\t\t\t<div class=\"elementor-widget-container\">\n\t\t\t\t\t\t\t\t\t\t\t\t\t\t\t<img decoding=\"async\" data-src=\"https:\/\/aquamelli.es\/wp-content\/uploads\/sites\/318\/elementor\/thumbs\/estacion-lavado-autos_1303-22301-qt6gb5hqxzujvzkn3hqegshivhk5csqhorjlhf238w.jpg\" title=\"estacion-lavado-autos_1303-22301\" alt=\"estacion-lavado-autos_1303-22301\" src=\"data:image\/gif;base64,R0lGODlhAQABAAAAACH5BAEKAAEALAAAAAABAAEAAAICTAEAOw==\" class=\"lazyload\" style=\"--smush-placeholder-width: 1170px; --smush-placeholder-aspect-ratio: 1170\/600;\" \/>\t\t\t\t\t\t\t\t\t\t\t\t\t\t\t<\/div>\n\t\t\t\t<\/div>\n\t\t\t\t\t<\/div>\n\t\t<\/div>\n\t\t\t\t\t<\/div>\n\t\t<\/section>\n\t\t\t\t<\/div>\n\t\t","protected":false},"excerpt":{"rendered":"<p>contacta Deja el mantenimiento de tu veh\u00edculo en las mejores manos. Cont\u00e1ctanos y reserva tu turno. \u00bfPrefieres hablar directamente con uno de nuestros expertos? Pedir cita Pl. Industrial Zi-3, 17, 21200 Aracena, Huelva, Espa\u00f1a Whatsapp: 959127262 info@talleresmelli.com Escr\u00edbenos Env\u00edanos tu consulta y responderemos en 24h h\u00e1biles.\u00a0\u00a0<\/p>\n","protected":false},"author":33,"featured_media":0,"parent":0,"menu_order":0,"comment_status":"closed","ping_status":"closed","template":"elementor_header_footer","meta":{"footnotes":""},"class_list":["post-1507","page","type-page","status-publish"],"yoast_head":"<!-- This site is optimized with the Yoast SEO plugin v24.1 - https:\/\/yoast.com\/wordpress\/plugins\/seo\/ -->\n<title>Contacto - Aquamelli<\/title>\n<meta name=\"robots\" content=\"index, follow, max-snippet:-1, max-image-preview:large, max-video-preview:-1\" \/>\n<link rel=\"canonical\" href=\"https:\/\/aquamelli.es\/contacto\/\" \/>\n<meta property=\"og:locale\" content=\"es_ES\" \/>\n<meta property=\"og:type\" content=\"article\" \/>\n<meta property=\"og:title\" content=\"Contacto - Aquamelli\" \/>\n<meta property=\"og:description\" content=\"contacta Deja el mantenimiento de tu veh\u00edculo en las mejores manos. Cont\u00e1ctanos y reserva tu turno. \u00bfPrefieres hablar directamente con uno de nuestros expertos? Pedir cita Pl. Industrial Zi-3, 17, 21200 Aracena, Huelva, Espa\u00f1a Whatsapp: 959127262 info@talleresmelli.com Escr\u00edbenos Env\u00edanos tu consulta y responderemos en 24h h\u00e1biles.\u00a0\u00a0\" \/>\n<meta property=\"og:url\" content=\"https:\/\/aquamelli.es\/contacto\/\" \/>\n<meta property=\"og:site_name\" content=\"Aquamelli\" \/>\n<meta property=\"article:modified_time\" content=\"2026-03-05T16:16:13+00:00\" \/>\n<meta property=\"og:image\" content=\"https:\/\/aquamelli.es\/wp-content\/uploads\/sites\/318\/elementor\/thumbs\/estacion-lavado-autos_1303-22301-qt6gb5hqxzujvzkn3hqegshivhk5csqhorjlejgnzk.jpg\" \/>\n<meta name=\"twitter:card\" content=\"summary_large_image\" \/>\n<meta name=\"twitter:label1\" content=\"Tiempo de lectura\" \/>\n\t<meta name=\"twitter:data1\" content=\"1 minuto\" \/>\n<script type=\"application\/ld+json\" class=\"yoast-schema-graph\">{\"@context\":\"https:\/\/schema.org\",\"@graph\":[{\"@type\":\"WebPage\",\"@id\":\"https:\/\/aquamelli.es\/contacto\/\",\"url\":\"https:\/\/aquamelli.es\/contacto\/\",\"name\":\"Contacto - Aquamelli\",\"isPartOf\":{\"@id\":\"https:\/\/aquamelli.es\/en\/#website\"},\"primaryImageOfPage\":{\"@id\":\"https:\/\/aquamelli.es\/contacto\/#primaryimage\"},\"image\":{\"@id\":\"https:\/\/aquamelli.es\/contacto\/#primaryimage\"},\"thumbnailUrl\":\"https:\/\/aquamelli.es\/wp-content\/uploads\/sites\/318\/elementor\/thumbs\/estacion-lavado-autos_1303-22301-qt6gb5hqxzujvzkn3hqegshivhk5csqhorjlejgnzk.jpg\",\"datePublished\":\"2024-06-07T14:27:22+00:00\",\"dateModified\":\"2026-03-05T16:16:13+00:00\",\"breadcrumb\":{\"@id\":\"https:\/\/aquamelli.es\/contacto\/#breadcrumb\"},\"inLanguage\":\"es\",\"potentialAction\":[{\"@type\":\"ReadAction\",\"target\":[\"https:\/\/aquamelli.es\/contacto\/\"]}]},{\"@type\":\"ImageObject\",\"inLanguage\":\"es\",\"@id\":\"https:\/\/aquamelli.es\/contacto\/#primaryimage\",\"url\":\"https:\/\/aquamelli.es\/wp-content\/uploads\/sites\/318\/elementor\/thumbs\/estacion-lavado-autos_1303-22301-qt6gb5hqxzujvzkn3hqegshivhk5csqhorjlejgnzk.jpg\",\"contentUrl\":\"https:\/\/aquamelli.es\/wp-content\/uploads\/sites\/318\/elementor\/thumbs\/estacion-lavado-autos_1303-22301-qt6gb5hqxzujvzkn3hqegshivhk5csqhorjlejgnzk.jpg\"},{\"@type\":\"BreadcrumbList\",\"@id\":\"https:\/\/aquamelli.es\/contacto\/#breadcrumb\",\"itemListElement\":[{\"@type\":\"ListItem\",\"position\":1,\"name\":\"Portada\",\"item\":\"https:\/\/aquamelli.es\/\"},{\"@type\":\"ListItem\",\"position\":2,\"name\":\"Contacto\"}]},{\"@type\":\"WebSite\",\"@id\":\"https:\/\/aquamelli.es\/en\/#website\",\"url\":\"https:\/\/aquamelli.es\/en\/\",\"name\":\"Aquamelli\",\"description\":\"Autolavado\",\"publisher\":{\"@id\":\"https:\/\/aquamelli.es\/en\/#organization\"},\"potentialAction\":[{\"@type\":\"SearchAction\",\"target\":{\"@type\":\"EntryPoint\",\"urlTemplate\":\"https:\/\/aquamelli.es\/en\/?s={search_term_string}\"},\"query-input\":{\"@type\":\"PropertyValueSpecification\",\"valueRequired\":true,\"valueName\":\"search_term_string\"}}],\"inLanguage\":\"es\"},{\"@type\":\"Organization\",\"@id\":\"https:\/\/aquamelli.es\/en\/#organization\",\"name\":\"Aquamelli\",\"url\":\"https:\/\/aquamelli.es\/en\/\",\"logo\":{\"@type\":\"ImageObject\",\"inLanguage\":\"es\",\"@id\":\"https:\/\/aquamelli.es\/en\/#\/schema\/logo\/image\/\",\"url\":\"https:\/\/aquamelli.es\/wp-content\/uploads\/sites\/318\/2024\/07\/cropped-logo-aquamelli-OK.png\",\"contentUrl\":\"https:\/\/aquamelli.es\/wp-content\/uploads\/sites\/318\/2024\/07\/cropped-logo-aquamelli-OK.png\",\"width\":1108,\"height\":221,\"caption\":\"Aquamelli\"},\"image\":{\"@id\":\"https:\/\/aquamelli.es\/en\/#\/schema\/logo\/image\/\"}}]}<\/script>\n<!-- \/ Yoast SEO plugin. -->","yoast_head_json":{"title":"Contacto - Aquamelli","robots":{"index":"index","follow":"follow","max-snippet":"max-snippet:-1","max-image-preview":"max-image-preview:large","max-video-preview":"max-video-preview:-1"},"canonical":"https:\/\/aquamelli.es\/contacto\/","og_locale":"es_ES","og_type":"article","og_title":"Contacto - Aquamelli","og_description":"contacta Deja el mantenimiento de tu veh\u00edculo en las mejores manos. Cont\u00e1ctanos y reserva tu turno. \u00bfPrefieres hablar directamente con uno de nuestros expertos? Pedir cita Pl. Industrial Zi-3, 17, 21200 Aracena, Huelva, Espa\u00f1a Whatsapp: 959127262 info@talleresmelli.com Escr\u00edbenos Env\u00edanos tu consulta y responderemos en 24h h\u00e1biles.\u00a0\u00a0","og_url":"https:\/\/aquamelli.es\/contacto\/","og_site_name":"Aquamelli","article_modified_time":"2026-03-05T16:16:13+00:00","og_image":[{"url":"https:\/\/aquamelli.es\/wp-content\/uploads\/sites\/318\/elementor\/thumbs\/estacion-lavado-autos_1303-22301-qt6gb5hqxzujvzkn3hqegshivhk5csqhorjlejgnzk.jpg","type":"","width":"","height":""}],"twitter_card":"summary_large_image","twitter_misc":{"Tiempo de lectura":"1 minuto"},"schema":{"@context":"https:\/\/schema.org","@graph":[{"@type":"WebPage","@id":"https:\/\/aquamelli.es\/contacto\/","url":"https:\/\/aquamelli.es\/contacto\/","name":"Contacto - Aquamelli","isPartOf":{"@id":"https:\/\/aquamelli.es\/en\/#website"},"primaryImageOfPage":{"@id":"https:\/\/aquamelli.es\/contacto\/#primaryimage"},"image":{"@id":"https:\/\/aquamelli.es\/contacto\/#primaryimage"},"thumbnailUrl":"https:\/\/aquamelli.es\/wp-content\/uploads\/sites\/318\/elementor\/thumbs\/estacion-lavado-autos_1303-22301-qt6gb5hqxzujvzkn3hqegshivhk5csqhorjlejgnzk.jpg","datePublished":"2024-06-07T14:27:22+00:00","dateModified":"2026-03-05T16:16:13+00:00","breadcrumb":{"@id":"https:\/\/aquamelli.es\/contacto\/#breadcrumb"},"inLanguage":"es","potentialAction":[{"@type":"ReadAction","target":["https:\/\/aquamelli.es\/contacto\/"]}]},{"@type":"ImageObject","inLanguage":"es","@id":"https:\/\/aquamelli.es\/contacto\/#primaryimage","url":"https:\/\/aquamelli.es\/wp-content\/uploads\/sites\/318\/elementor\/thumbs\/estacion-lavado-autos_1303-22301-qt6gb5hqxzujvzkn3hqegshivhk5csqhorjlejgnzk.jpg","contentUrl":"https:\/\/aquamelli.es\/wp-content\/uploads\/sites\/318\/elementor\/thumbs\/estacion-lavado-autos_1303-22301-qt6gb5hqxzujvzkn3hqegshivhk5csqhorjlejgnzk.jpg"},{"@type":"BreadcrumbList","@id":"https:\/\/aquamelli.es\/contacto\/#breadcrumb","itemListElement":[{"@type":"ListItem","position":1,"name":"Portada","item":"https:\/\/aquamelli.es\/"},{"@type":"ListItem","position":2,"name":"Contacto"}]},{"@type":"WebSite","@id":"https:\/\/aquamelli.es\/en\/#website","url":"https:\/\/aquamelli.es\/en\/","name":"Aquamelli","description":"Autolavado","publisher":{"@id":"https:\/\/aquamelli.es\/en\/#organization"},"potentialAction":[{"@type":"SearchAction","target":{"@type":"EntryPoint","urlTemplate":"https:\/\/aquamelli.es\/en\/?s={search_term_string}"},"query-input":{"@type":"PropertyValueSpecification","valueRequired":true,"valueName":"search_term_string"}}],"inLanguage":"es"},{"@type":"Organization","@id":"https:\/\/aquamelli.es\/en\/#organization","name":"Aquamelli","url":"https:\/\/aquamelli.es\/en\/","logo":{"@type":"ImageObject","inLanguage":"es","@id":"https:\/\/aquamelli.es\/en\/#\/schema\/logo\/image\/","url":"https:\/\/aquamelli.es\/wp-content\/uploads\/sites\/318\/2024\/07\/cropped-logo-aquamelli-OK.png","contentUrl":"https:\/\/aquamelli.es\/wp-content\/uploads\/sites\/318\/2024\/07\/cropped-logo-aquamelli-OK.png","width":1108,"height":221,"caption":"Aquamelli"},"image":{"@id":"https:\/\/aquamelli.es\/en\/#\/schema\/logo\/image\/"}}]}},"_links":{"self":[{"href":"https:\/\/aquamelli.es\/en\/wp-json\/wp\/v2\/pages\/1507","targetHints":{"allow":["GET"]}}],"collection":[{"href":"https:\/\/aquamelli.es\/en\/wp-json\/wp\/v2\/pages"}],"about":[{"href":"https:\/\/aquamelli.es\/en\/wp-json\/wp\/v2\/types\/page"}],"author":[{"embeddable":true,"href":"https:\/\/aquamelli.es\/en\/wp-json\/wp\/v2\/users\/33"}],"replies":[{"embeddable":true,"href":"https:\/\/aquamelli.es\/en\/wp-json\/wp\/v2\/comments?post=1507"}],"version-history":[{"count":0,"href":"https:\/\/aquamelli.es\/en\/wp-json\/wp\/v2\/pages\/1507\/revisions"}],"wp:attachment":[{"href":"https:\/\/aquamelli.es\/en\/wp-json\/wp\/v2\/media?parent=1507"}],"curies":[{"name":"wp","href":"https:\/\/api.w.org\/{rel}","templated":true}]}}