{"id":1479,"date":"2024-06-07T16:27:20","date_gmt":"2024-06-07T14:27:20","guid":{"rendered":"https:\/\/sites8.digitalya.es\/aquamelli.es\/?page_id=1479"},"modified":"2026-03-05T17:13:32","modified_gmt":"2026-03-05T16:13:32","slug":"servicios","status":"publish","type":"page","link":"https:\/\/aquamelli.es\/servicios\/","title":{"rendered":"Servicios"},"content":{"rendered":"\t\t<div data-elementor-type=\"wp-page\" data-elementor-id=\"1479\" class=\"elementor elementor-1479\" data-elementor-post-type=\"page\">\n\t\t\t\t\t\t<section class=\"elementor-section elementor-top-section elementor-element elementor-element-362e4f8 elementor-section-boxed elementor-section-height-default elementor-section-height-default\" data-id=\"362e4f8\" data-element_type=\"section\" data-settings=\"{&quot;background_background&quot;:&quot;classic&quot;,&quot;background_motion_fx_motion_fx_scrolling&quot;:&quot;yes&quot;,&quot;background_motion_fx_scale_effect&quot;:&quot;yes&quot;,&quot;background_motion_fx_scale_speed&quot;:{&quot;unit&quot;:&quot;px&quot;,&quot;size&quot;:&quot;2&quot;,&quot;sizes&quot;:[]},&quot;jet_parallax_layout_list&quot;:[],&quot;background_motion_fx_scale_direction&quot;:&quot;out-in&quot;,&quot;background_motion_fx_scale_range&quot;:{&quot;unit&quot;:&quot;%&quot;,&quot;size&quot;:&quot;&quot;,&quot;sizes&quot;:{&quot;start&quot;:20,&quot;end&quot;:80}},&quot;background_motion_fx_devices&quot;:[&quot;desktop&quot;,&quot;tablet&quot;,&quot;mobile&quot;]}\">\n\t\t\t\t\t\t\t<div class=\"elementor-background-overlay\"><\/div>\n\t\t\t\t\t\t\t<div class=\"elementor-container elementor-column-gap-default\">\n\t\t\t\t\t<div class=\"elementor-column elementor-col-100 elementor-top-column elementor-element elementor-element-40b26549\" data-id=\"40b26549\" data-element_type=\"column\">\n\t\t\t<div class=\"elementor-widget-wrap elementor-element-populated\">\n\t\t\t\t\t\t<div class=\"elementor-element elementor-element-6f1ece78 elementor-invisible elementor-widget elementor-widget-heading\" data-id=\"6f1ece78\" data-element_type=\"widget\" data-settings=\"{&quot;_animation&quot;:&quot;fadeInUp&quot;}\" data-widget_type=\"heading.default\">\n\t\t\t\t<div class=\"elementor-widget-container\">\n\t\t\t\t\t<h1 class=\"elementor-heading-title elementor-size-default\">Nuestro Servicio<\/h1>\t\t\t\t<\/div>\n\t\t\t\t<\/div>\n\t\t\t\t\t<\/div>\n\t\t<\/div>\n\t\t\t\t\t<\/div>\n\t\t<\/section>\n\t\t<div class=\"elementor-element elementor-element-616aef9 e-flex e-con-boxed e-con e-parent\" data-id=\"616aef9\" data-element_type=\"container\" data-settings=\"{&quot;jet_parallax_layout_list&quot;:[]}\">\n\t\t\t\t\t<div class=\"e-con-inner\">\n\t\t<div class=\"elementor-element elementor-element-df2d5a3 e-con-full e-flex e-con e-child\" data-id=\"df2d5a3\" data-element_type=\"container\" data-settings=\"{&quot;jet_parallax_layout_list&quot;:[]}\">\n\t\t\t\t<div class=\"elementor-element elementor-element-e36d0ce elementor-widget elementor-widget-image\" data-id=\"e36d0ce\" data-element_type=\"widget\" data-widget_type=\"image.default\">\n\t\t\t\t<div class=\"elementor-widget-container\">\n\t\t\t\t\t\t\t\t\t\t\t\t\t\t\t<img fetchpriority=\"high\" decoding=\"async\" width=\"996\" height=\"664\" src=\"https:\/\/aquamelli.es\/wp-content\/uploads\/sites\/318\/2024\/08\/hermoso-coche-servicio-lavado_23-2149212221.jpg\" class=\"attachment-large size-large wp-image-4146\" alt=\"hermoso-coche-servicio-lavado_23-2149212221\" srcset=\"https:\/\/aquamelli.es\/wp-content\/uploads\/sites\/318\/2024\/08\/hermoso-coche-servicio-lavado_23-2149212221.jpg 996w, https:\/\/aquamelli.es\/wp-content\/uploads\/sites\/318\/2024\/08\/hermoso-coche-servicio-lavado_23-2149212221-300x200.jpg 300w, https:\/\/aquamelli.es\/wp-content\/uploads\/sites\/318\/2024\/08\/hermoso-coche-servicio-lavado_23-2149212221-768x512.jpg 768w\" sizes=\"(max-width: 996px) 100vw, 996px\" \/>\t\t\t\t\t\t\t\t\t\t\t\t\t\t\t<\/div>\n\t\t\t\t<\/div>\n\t\t\t\t<\/div>\n\t\t<div class=\"elementor-element elementor-element-f76c5a9 e-con-full e-flex e-con e-child\" data-id=\"f76c5a9\" data-element_type=\"container\" data-settings=\"{&quot;jet_parallax_layout_list&quot;:[]}\">\n\t\t\t\t<div class=\"elementor-element elementor-element-7e95943 elementor-widget elementor-widget-heading\" data-id=\"7e95943\" data-element_type=\"widget\" data-widget_type=\"heading.default\">\n\t\t\t\t<div class=\"elementor-widget-container\">\n\t\t\t\t\t<h2 class=\"elementor-heading-title elementor-size-default\">Autolavado R\u00e1pido y Eficiente<\/h2>\t\t\t\t<\/div>\n\t\t\t\t<\/div>\n\t\t\t\t<div class=\"elementor-element elementor-element-dfeb267 elementor-invisible elementor-widget elementor-widget-text-editor\" data-id=\"dfeb267\" data-element_type=\"widget\" data-settings=\"{&quot;_animation&quot;:&quot;fadeInRight&quot;,&quot;_animation_mobile&quot;:&quot;fadeIn&quot;,&quot;_animation_delay&quot;:&quot;200&quot;}\" data-widget_type=\"text-editor.default\">\n\t\t\t\t<div class=\"elementor-widget-container\">\n\t\t\t\t\t\t\t\t\t<p><strong data-start=\"339\" data-end=\"393\">Tu coche limpio en minutos, sin bajar del veh\u00edculo<\/strong><br data-start=\"393\" data-end=\"396\" \/>En <strong data-start=\"399\" data-end=\"412\">Aquamelli<\/strong> te ofrecemos un sistema de <strong data-start=\"440\" data-end=\"486\">autolavado autom\u00e1tico de \u00faltima generaci\u00f3n<\/strong>, ideal para quienes buscan rapidez, comodidad y eficacia. Solo tienes que elegir tu programa, entrar al t\u00fanel de lavado y dejar que la tecnolog\u00eda haga el resto.<\/p>\t\t\t\t\t\t\t\t<\/div>\n\t\t\t\t<\/div>\n\t\t\t\t<\/div>\n\t\t\t\t\t<\/div>\n\t\t\t\t<\/div>\n\t\t<div class=\"elementor-element elementor-element-8625c2d elementor-hidden-desktop e-flex e-con-boxed e-con e-parent\" data-id=\"8625c2d\" data-element_type=\"container\" data-settings=\"{&quot;jet_parallax_layout_list&quot;:[]}\">\n\t\t\t\t\t<div class=\"e-con-inner\">\n\t\t<div class=\"elementor-element elementor-element-f0afade e-con-full e-flex e-con e-child\" data-id=\"f0afade\" data-element_type=\"container\" data-settings=\"{&quot;background_background&quot;:&quot;classic&quot;,&quot;jet_parallax_layout_list&quot;:[]}\">\n\t\t\t\t<\/div>\n\t\t<div class=\"elementor-element elementor-element-53ced10 e-con-full e-flex e-con e-child\" data-id=\"53ced10\" data-element_type=\"container\" data-settings=\"{&quot;jet_parallax_layout_list&quot;:[]}\">\n\t\t\t\t<div class=\"elementor-element elementor-element-8e2553f elementor-widget elementor-widget-heading\" data-id=\"8e2553f\" data-element_type=\"widget\" data-widget_type=\"heading.default\">\n\t\t\t\t<div class=\"elementor-widget-container\">\n\t\t\t\t\t<h2 class=\"elementor-heading-title elementor-size-default\">Programas de Lavado Personalizados<\/h2>\t\t\t\t<\/div>\n\t\t\t\t<\/div>\n\t\t\t\t<div class=\"elementor-element elementor-element-47b4a33 elementor-invisible elementor-widget elementor-widget-text-editor\" data-id=\"47b4a33\" data-element_type=\"widget\" data-settings=\"{&quot;_animation&quot;:&quot;fadeInRight&quot;,&quot;_animation_mobile&quot;:&quot;fadeIn&quot;,&quot;_animation_delay&quot;:&quot;200&quot;}\" data-widget_type=\"text-editor.default\">\n\t\t\t\t<div class=\"elementor-widget-container\">\n\t\t\t\t\t\t\t\t\t<p class=\"\" data-start=\"699\" data-end=\"819\"><strong data-start=\"699\" data-end=\"751\">Elige el nivel de limpieza que tu coche necesita<\/strong><br data-start=\"751\" data-end=\"754\" \/>Contamos con varios programas que se adaptan a tus necesidades:<\/p><ul data-start=\"820\" data-end=\"923\"><li class=\"\" data-start=\"820\" data-end=\"837\"><p class=\"\" data-start=\"822\" data-end=\"837\">Lavado b\u00e1sico<\/p><\/li><li class=\"\" data-start=\"838\" data-end=\"866\"><p class=\"\" data-start=\"840\" data-end=\"866\">Lavado con espuma activa<\/p><\/li><li class=\"\" data-start=\"867\" data-end=\"888\"><p class=\"\" data-start=\"869\" data-end=\"888\">Encerado y secado<\/p><\/li><li class=\"\" data-start=\"889\" data-end=\"923\"><p class=\"\" data-start=\"891\" data-end=\"923\">Limpieza intensiva con llantas<\/p><\/li><\/ul><p class=\"\" data-start=\"925\" data-end=\"1030\">Todos nuestros ciclos est\u00e1n dise\u00f1ados para cuidar tu coche al m\u00e1ximo y garantizar un acabado brillante.<\/p>\t\t\t\t\t\t\t\t<\/div>\n\t\t\t\t<\/div>\n\t\t\t\t<\/div>\n\t\t\t\t\t<\/div>\n\t\t\t\t<\/div>\n\t\t<div class=\"elementor-element elementor-element-0e32b3b elementor-hidden-tablet elementor-hidden-mobile e-flex e-con-boxed e-con e-parent\" data-id=\"0e32b3b\" data-element_type=\"container\" data-settings=\"{&quot;jet_parallax_layout_list&quot;:[]}\">\n\t\t\t\t\t<div class=\"e-con-inner\">\n\t\t<div class=\"elementor-element elementor-element-c810cc2 e-con-full e-flex e-con e-child\" data-id=\"c810cc2\" data-element_type=\"container\" data-settings=\"{&quot;jet_parallax_layout_list&quot;:[]}\">\n\t\t\t\t<div class=\"elementor-element elementor-element-d3a9c62 elementor-widget elementor-widget-heading\" data-id=\"d3a9c62\" data-element_type=\"widget\" data-widget_type=\"heading.default\">\n\t\t\t\t<div class=\"elementor-widget-container\">\n\t\t\t\t\t<h2 class=\"elementor-heading-title elementor-size-default\">Programas de Lavado Personalizados<\/h2>\t\t\t\t<\/div>\n\t\t\t\t<\/div>\n\t\t\t\t<div class=\"elementor-element elementor-element-d4e8359 elementor-invisible elementor-widget elementor-widget-text-editor\" data-id=\"d4e8359\" data-element_type=\"widget\" data-settings=\"{&quot;_animation&quot;:&quot;fadeInRight&quot;,&quot;_animation_mobile&quot;:&quot;fadeIn&quot;,&quot;_animation_delay&quot;:&quot;200&quot;}\" data-widget_type=\"text-editor.default\">\n\t\t\t\t<div class=\"elementor-widget-container\">\n\t\t\t\t\t\t\t\t\t<p class=\"\" data-start=\"699\" data-end=\"819\"><strong data-start=\"699\" data-end=\"751\">Elige el nivel de limpieza que tu coche necesita<\/strong><br data-start=\"751\" data-end=\"754\" \/>Contamos con varios programas que se adaptan a tus necesidades:<\/p><ul data-start=\"820\" data-end=\"923\"><li class=\"\" data-start=\"820\" data-end=\"837\"><p class=\"\" data-start=\"822\" data-end=\"837\">Lavado b\u00e1sico<\/p><\/li><li class=\"\" data-start=\"838\" data-end=\"866\"><p class=\"\" data-start=\"840\" data-end=\"866\">Lavado con espuma activa<\/p><\/li><li class=\"\" data-start=\"867\" data-end=\"888\"><p class=\"\" data-start=\"869\" data-end=\"888\">Encerado y secado<\/p><\/li><li class=\"\" data-start=\"889\" data-end=\"923\"><p class=\"\" data-start=\"891\" data-end=\"923\">Limpieza intensiva con llantas<\/p><\/li><\/ul><p class=\"\" data-start=\"925\" data-end=\"1030\">Todos nuestros ciclos est\u00e1n dise\u00f1ados para cuidar tu coche al m\u00e1ximo y garantizar un acabado brillante.<\/p>\t\t\t\t\t\t\t\t<\/div>\n\t\t\t\t<\/div>\n\t\t\t\t<\/div>\n\t\t<div class=\"elementor-element elementor-element-3106966 e-con-full e-flex e-con e-child\" data-id=\"3106966\" data-element_type=\"container\" data-settings=\"{&quot;background_background&quot;:&quot;classic&quot;,&quot;jet_parallax_layout_list&quot;:[]}\">\n\t\t\t\t<\/div>\n\t\t\t\t\t<\/div>\n\t\t\t\t<\/div>\n\t\t\t\t<section class=\"elementor-section elementor-top-section elementor-element elementor-element-31fdb85 elementor-section-boxed elementor-section-height-default elementor-section-height-default elementor-invisible\" data-id=\"31fdb85\" data-element_type=\"section\" data-settings=\"{&quot;background_background&quot;:&quot;classic&quot;,&quot;background_motion_fx_motion_fx_scrolling&quot;:&quot;yes&quot;,&quot;background_motion_fx_scale_effect&quot;:&quot;yes&quot;,&quot;background_motion_fx_scale_speed&quot;:{&quot;unit&quot;:&quot;px&quot;,&quot;size&quot;:&quot;2&quot;,&quot;sizes&quot;:[]},&quot;animation&quot;:&quot;fadeIn&quot;,&quot;jet_parallax_layout_list&quot;:[],&quot;background_motion_fx_scale_direction&quot;:&quot;out-in&quot;,&quot;background_motion_fx_scale_range&quot;:{&quot;unit&quot;:&quot;%&quot;,&quot;size&quot;:&quot;&quot;,&quot;sizes&quot;:{&quot;start&quot;:20,&quot;end&quot;:80}},&quot;background_motion_fx_devices&quot;:[&quot;desktop&quot;,&quot;tablet&quot;,&quot;mobile&quot;]}\">\n\t\t\t\t\t\t\t<div class=\"elementor-background-overlay\"><\/div>\n\t\t\t\t\t\t\t<div class=\"elementor-container elementor-column-gap-default\">\n\t\t\t\t\t<div class=\"elementor-column elementor-col-100 elementor-top-column elementor-element elementor-element-68be45b\" data-id=\"68be45b\" data-element_type=\"column\">\n\t\t\t<div class=\"elementor-widget-wrap elementor-element-populated\">\n\t\t\t\t\t\t<div class=\"elementor-element elementor-element-5673681 elementor-invisible elementor-widget elementor-widget-heading\" data-id=\"5673681\" data-element_type=\"widget\" data-settings=\"{&quot;_animation&quot;:&quot;fadeInUp&quot;,&quot;_animation_mobile&quot;:&quot;fadeIn&quot;}\" data-widget_type=\"heading.default\">\n\t\t\t\t<div class=\"elementor-widget-container\">\n\t\t\t\t\t<h4 class=\"elementor-heading-title elementor-size-default\">Contacta hoy<\/h4>\t\t\t\t<\/div>\n\t\t\t\t<\/div>\n\t\t\t\t<div class=\"elementor-element elementor-element-6d0af4a elementor-invisible elementor-widget elementor-widget-heading\" data-id=\"6d0af4a\" data-element_type=\"widget\" data-settings=\"{&quot;_animation&quot;:&quot;fadeInUp&quot;,&quot;_animation_delay&quot;:&quot;200&quot;,&quot;_animation_mobile&quot;:&quot;fadeIn&quot;}\" data-widget_type=\"heading.default\">\n\t\t\t\t<div class=\"elementor-widget-container\">\n\t\t\t\t\t<h2 class=\"elementor-heading-title elementor-size-default\">Contamos con las \u00faltimas tecnolog\u00edas en lavado de coches para ofrecerte los mejores resultados<\/h2>\t\t\t\t<\/div>\n\t\t\t\t<\/div>\n\t\t<div class=\"elementor-element elementor-element-ab4ba72 e-flex e-con-boxed e-con e-parent\" data-id=\"ab4ba72\" data-element_type=\"container\" data-settings=\"{&quot;jet_parallax_layout_list&quot;:[]}\">\n\t\t\t\t\t<div class=\"e-con-inner\">\n\t\t\t\t<div class=\"elementor-element elementor-element-659d074 elementor-align-right elementor-widget elementor-widget-button\" data-id=\"659d074\" data-element_type=\"widget\" data-widget_type=\"button.default\">\n\t\t\t\t<div class=\"elementor-widget-container\">\n\t\t\t\t\t\t\t\t\t<div class=\"elementor-button-wrapper\">\n\t\t\t\t\t<a class=\"elementor-button elementor-button-link elementor-size-sm\" href=\"tel:959127262\">\n\t\t\t\t\t\t<span class=\"elementor-button-content-wrapper\">\n\t\t\t\t\t\t<span class=\"elementor-button-icon\">\n\t\t\t\t<svg aria-hidden=\"true\" class=\"e-font-icon-svg e-fas-phone-alt\" viewBox=\"0 0 512 512\" xmlns=\"http:\/\/www.w3.org\/2000\/svg\"><path d=\"M497.39 361.8l-112-48a24 24 0 0 0-28 6.9l-49.6 60.6A370.66 370.66 0 0 1 130.6 204.11l60.6-49.6a23.94 23.94 0 0 0 6.9-28l-48-112A24.16 24.16 0 0 0 122.6.61l-104 24A24 24 0 0 0 0 48c0 256.5 207.9 464 464 464a24 24 0 0 0 23.4-18.6l24-104a24.29 24.29 0 0 0-14.01-27.6z\"><\/path><\/svg>\t\t\t<\/span>\n\t\t\t\t\t\t\t\t\t<span class=\"elementor-button-text\">Haz clic aqu\u00ed<\/span>\n\t\t\t\t\t<\/span>\n\t\t\t\t\t<\/a>\n\t\t\t\t<\/div>\n\t\t\t\t\t\t\t\t<\/div>\n\t\t\t\t<\/div>\n\t\t\t\t<div class=\"elementor-element elementor-element-7154f37 elementor-align-right elementor-widget elementor-widget-button\" data-id=\"7154f37\" data-element_type=\"widget\" data-widget_type=\"button.default\">\n\t\t\t\t<div class=\"elementor-widget-container\">\n\t\t\t\t\t\t\t\t\t<div class=\"elementor-button-wrapper\">\n\t\t\t\t\t<a class=\"elementor-button elementor-button-link elementor-size-sm\" href=\"tel:660071715\">\n\t\t\t\t\t\t<span class=\"elementor-button-content-wrapper\">\n\t\t\t\t\t\t<span class=\"elementor-button-icon\">\n\t\t\t\t<svg aria-hidden=\"true\" class=\"e-font-icon-svg e-fab-whatsapp\" viewBox=\"0 0 448 512\" xmlns=\"http:\/\/www.w3.org\/2000\/svg\"><path d=\"M380.9 97.1C339 55.1 283.2 32 223.9 32c-122.4 0-222 99.6-222 222 0 39.1 10.2 77.3 29.6 111L0 480l117.7-30.9c32.4 17.7 68.9 27 106.1 27h.1c122.3 0 224.1-99.6 224.1-222 0-59.3-25.2-115-67.1-157zm-157 341.6c-33.2 0-65.7-8.9-94-25.7l-6.7-4-69.8 18.3L72 359.2l-4.4-7c-18.5-29.4-28.2-63.3-28.2-98.2 0-101.7 82.8-184.5 184.6-184.5 49.3 0 95.6 19.2 130.4 54.1 34.8 34.9 56.2 81.2 56.1 130.5 0 101.8-84.9 184.6-186.6 184.6zm101.2-138.2c-5.5-2.8-32.8-16.2-37.9-18-5.1-1.9-8.8-2.8-12.5 2.8-3.7 5.6-14.3 18-17.6 21.8-3.2 3.7-6.5 4.2-12 1.4-32.6-16.3-54-29.1-75.5-66-5.7-9.8 5.7-9.1 16.3-30.3 1.8-3.7.9-6.9-.5-9.7-1.4-2.8-12.5-30.1-17.1-41.2-4.5-10.8-9.1-9.3-12.5-9.5-3.2-.2-6.9-.2-10.6-.2-3.7 0-9.7 1.4-14.8 6.9-5.1 5.6-19.4 19-19.4 46.3 0 27.3 19.9 53.7 22.6 57.4 2.8 3.7 39.1 59.7 94.8 83.8 35.2 15.2 49 16.5 66.6 13.9 10.7-1.6 32.8-13.4 37.4-26.4 4.6-13 4.6-24.1 3.2-26.4-1.3-2.5-5-3.9-10.5-6.6z\"><\/path><\/svg>\t\t\t<\/span>\n\t\t\t\t\t\t\t\t\t<span class=\"elementor-button-text\">Haz clic aqu\u00ed<\/span>\n\t\t\t\t\t<\/span>\n\t\t\t\t\t<\/a>\n\t\t\t\t<\/div>\n\t\t\t\t\t\t\t\t<\/div>\n\t\t\t\t<\/div>\n\t\t\t\t\t<\/div>\n\t\t\t\t<\/div>\n\t\t\t\t\t<\/div>\n\t\t<\/div>\n\t\t\t\t\t<\/div>\n\t\t<\/section>\n\t\t\t\t<\/div>\n\t\t","protected":false},"excerpt":{"rendered":"<p>Nuestro Servicio Autolavado R\u00e1pido y Eficiente Tu coche limpio en minutos, sin bajar del veh\u00edculoEn Aquamelli te ofrecemos un sistema de autolavado autom\u00e1tico de \u00faltima generaci\u00f3n, ideal para quienes buscan rapidez, comodidad y eficacia. Solo tienes que elegir tu programa, entrar al t\u00fanel de lavado y dejar que la tecnolog\u00eda haga el resto. Programas de &#8230; <a title=\"Servicios\" class=\"read-more\" href=\"https:\/\/aquamelli.es\/servicios\/\" aria-label=\"Leer m\u00e1s sobre Servicios\">Leer m\u00e1s<\/a><\/p>\n","protected":false},"author":33,"featured_media":0,"parent":0,"menu_order":0,"comment_status":"closed","ping_status":"closed","template":"elementor_header_footer","meta":{"footnotes":""},"class_list":["post-1479","page","type-page","status-publish"],"yoast_head":"<!-- This site is optimized with the Yoast SEO plugin v24.1 - https:\/\/yoast.com\/wordpress\/plugins\/seo\/ -->\n<title>Servicios - Aquamelli<\/title>\n<meta name=\"robots\" content=\"index, follow, max-snippet:-1, max-image-preview:large, max-video-preview:-1\" \/>\n<link rel=\"canonical\" href=\"https:\/\/aquamelli.es\/servicios\/\" \/>\n<meta property=\"og:locale\" content=\"es_ES\" \/>\n<meta property=\"og:type\" content=\"article\" \/>\n<meta property=\"og:title\" content=\"Servicios - Aquamelli\" \/>\n<meta property=\"og:description\" content=\"Nuestro Servicio Autolavado R\u00e1pido y Eficiente Tu coche limpio en minutos, sin bajar del veh\u00edculoEn Aquamelli te ofrecemos un sistema de autolavado autom\u00e1tico de \u00faltima generaci\u00f3n, ideal para quienes buscan rapidez, comodidad y eficacia. Solo tienes que elegir tu programa, entrar al t\u00fanel de lavado y dejar que la tecnolog\u00eda haga el resto. Programas de ... Leer m\u00e1s\" \/>\n<meta property=\"og:url\" content=\"https:\/\/aquamelli.es\/servicios\/\" \/>\n<meta property=\"og:site_name\" content=\"Aquamelli\" \/>\n<meta property=\"article:modified_time\" content=\"2026-03-05T16:13:32+00:00\" \/>\n<meta property=\"og:image\" content=\"https:\/\/aquamelli.es\/wp-content\/uploads\/sites\/318\/2024\/08\/hermoso-coche-servicio-lavado_23-2149212221.jpg\" \/>\n<meta name=\"twitter:card\" content=\"summary_large_image\" \/>\n<meta name=\"twitter:label1\" content=\"Tiempo de lectura\" \/>\n\t<meta name=\"twitter:data1\" content=\"1 minuto\" \/>\n<script type=\"application\/ld+json\" class=\"yoast-schema-graph\">{\"@context\":\"https:\/\/schema.org\",\"@graph\":[{\"@type\":\"WebPage\",\"@id\":\"https:\/\/aquamelli.es\/servicios\/\",\"url\":\"https:\/\/aquamelli.es\/servicios\/\",\"name\":\"Servicios - Aquamelli\",\"isPartOf\":{\"@id\":\"https:\/\/aquamelli.es\/en\/#website\"},\"primaryImageOfPage\":{\"@id\":\"https:\/\/aquamelli.es\/servicios\/#primaryimage\"},\"image\":{\"@id\":\"https:\/\/aquamelli.es\/servicios\/#primaryimage\"},\"thumbnailUrl\":\"https:\/\/aquamelli.es\/wp-content\/uploads\/sites\/318\/2024\/08\/hermoso-coche-servicio-lavado_23-2149212221.jpg\",\"datePublished\":\"2024-06-07T14:27:20+00:00\",\"dateModified\":\"2026-03-05T16:13:32+00:00\",\"breadcrumb\":{\"@id\":\"https:\/\/aquamelli.es\/servicios\/#breadcrumb\"},\"inLanguage\":\"es\",\"potentialAction\":[{\"@type\":\"ReadAction\",\"target\":[\"https:\/\/aquamelli.es\/servicios\/\"]}]},{\"@type\":\"ImageObject\",\"inLanguage\":\"es\",\"@id\":\"https:\/\/aquamelli.es\/servicios\/#primaryimage\",\"url\":\"https:\/\/aquamelli.es\/wp-content\/uploads\/sites\/318\/2024\/08\/hermoso-coche-servicio-lavado_23-2149212221.jpg\",\"contentUrl\":\"https:\/\/aquamelli.es\/wp-content\/uploads\/sites\/318\/2024\/08\/hermoso-coche-servicio-lavado_23-2149212221.jpg\"},{\"@type\":\"BreadcrumbList\",\"@id\":\"https:\/\/aquamelli.es\/servicios\/#breadcrumb\",\"itemListElement\":[{\"@type\":\"ListItem\",\"position\":1,\"name\":\"Portada\",\"item\":\"https:\/\/aquamelli.es\/\"},{\"@type\":\"ListItem\",\"position\":2,\"name\":\"Servicios\"}]},{\"@type\":\"WebSite\",\"@id\":\"https:\/\/aquamelli.es\/en\/#website\",\"url\":\"https:\/\/aquamelli.es\/en\/\",\"name\":\"Aquamelli\",\"description\":\"Autolavado\",\"publisher\":{\"@id\":\"https:\/\/aquamelli.es\/en\/#organization\"},\"potentialAction\":[{\"@type\":\"SearchAction\",\"target\":{\"@type\":\"EntryPoint\",\"urlTemplate\":\"https:\/\/aquamelli.es\/en\/?s={search_term_string}\"},\"query-input\":{\"@type\":\"PropertyValueSpecification\",\"valueRequired\":true,\"valueName\":\"search_term_string\"}}],\"inLanguage\":\"es\"},{\"@type\":\"Organization\",\"@id\":\"https:\/\/aquamelli.es\/en\/#organization\",\"name\":\"Aquamelli\",\"url\":\"https:\/\/aquamelli.es\/en\/\",\"logo\":{\"@type\":\"ImageObject\",\"inLanguage\":\"es\",\"@id\":\"https:\/\/aquamelli.es\/en\/#\/schema\/logo\/image\/\",\"url\":\"https:\/\/aquamelli.es\/wp-content\/uploads\/sites\/318\/2024\/07\/cropped-logo-aquamelli-OK.png\",\"contentUrl\":\"https:\/\/aquamelli.es\/wp-content\/uploads\/sites\/318\/2024\/07\/cropped-logo-aquamelli-OK.png\",\"width\":1108,\"height\":221,\"caption\":\"Aquamelli\"},\"image\":{\"@id\":\"https:\/\/aquamelli.es\/en\/#\/schema\/logo\/image\/\"}}]}<\/script>\n<!-- \/ Yoast SEO plugin. -->","yoast_head_json":{"title":"Servicios - Aquamelli","robots":{"index":"index","follow":"follow","max-snippet":"max-snippet:-1","max-image-preview":"max-image-preview:large","max-video-preview":"max-video-preview:-1"},"canonical":"https:\/\/aquamelli.es\/servicios\/","og_locale":"es_ES","og_type":"article","og_title":"Servicios - Aquamelli","og_description":"Nuestro Servicio Autolavado R\u00e1pido y Eficiente Tu coche limpio en minutos, sin bajar del veh\u00edculoEn Aquamelli te ofrecemos un sistema de autolavado autom\u00e1tico de \u00faltima generaci\u00f3n, ideal para quienes buscan rapidez, comodidad y eficacia. Solo tienes que elegir tu programa, entrar al t\u00fanel de lavado y dejar que la tecnolog\u00eda haga el resto. Programas de ... Leer m\u00e1s","og_url":"https:\/\/aquamelli.es\/servicios\/","og_site_name":"Aquamelli","article_modified_time":"2026-03-05T16:13:32+00:00","og_image":[{"url":"https:\/\/aquamelli.es\/wp-content\/uploads\/sites\/318\/2024\/08\/hermoso-coche-servicio-lavado_23-2149212221.jpg","type":"","width":"","height":""}],"twitter_card":"summary_large_image","twitter_misc":{"Tiempo de lectura":"1 minuto"},"schema":{"@context":"https:\/\/schema.org","@graph":[{"@type":"WebPage","@id":"https:\/\/aquamelli.es\/servicios\/","url":"https:\/\/aquamelli.es\/servicios\/","name":"Servicios - Aquamelli","isPartOf":{"@id":"https:\/\/aquamelli.es\/en\/#website"},"primaryImageOfPage":{"@id":"https:\/\/aquamelli.es\/servicios\/#primaryimage"},"image":{"@id":"https:\/\/aquamelli.es\/servicios\/#primaryimage"},"thumbnailUrl":"https:\/\/aquamelli.es\/wp-content\/uploads\/sites\/318\/2024\/08\/hermoso-coche-servicio-lavado_23-2149212221.jpg","datePublished":"2024-06-07T14:27:20+00:00","dateModified":"2026-03-05T16:13:32+00:00","breadcrumb":{"@id":"https:\/\/aquamelli.es\/servicios\/#breadcrumb"},"inLanguage":"es","potentialAction":[{"@type":"ReadAction","target":["https:\/\/aquamelli.es\/servicios\/"]}]},{"@type":"ImageObject","inLanguage":"es","@id":"https:\/\/aquamelli.es\/servicios\/#primaryimage","url":"https:\/\/aquamelli.es\/wp-content\/uploads\/sites\/318\/2024\/08\/hermoso-coche-servicio-lavado_23-2149212221.jpg","contentUrl":"https:\/\/aquamelli.es\/wp-content\/uploads\/sites\/318\/2024\/08\/hermoso-coche-servicio-lavado_23-2149212221.jpg"},{"@type":"BreadcrumbList","@id":"https:\/\/aquamelli.es\/servicios\/#breadcrumb","itemListElement":[{"@type":"ListItem","position":1,"name":"Portada","item":"https:\/\/aquamelli.es\/"},{"@type":"ListItem","position":2,"name":"Servicios"}]},{"@type":"WebSite","@id":"https:\/\/aquamelli.es\/en\/#website","url":"https:\/\/aquamelli.es\/en\/","name":"Aquamelli","description":"Autolavado","publisher":{"@id":"https:\/\/aquamelli.es\/en\/#organization"},"potentialAction":[{"@type":"SearchAction","target":{"@type":"EntryPoint","urlTemplate":"https:\/\/aquamelli.es\/en\/?s={search_term_string}"},"query-input":{"@type":"PropertyValueSpecification","valueRequired":true,"valueName":"search_term_string"}}],"inLanguage":"es"},{"@type":"Organization","@id":"https:\/\/aquamelli.es\/en\/#organization","name":"Aquamelli","url":"https:\/\/aquamelli.es\/en\/","logo":{"@type":"ImageObject","inLanguage":"es","@id":"https:\/\/aquamelli.es\/en\/#\/schema\/logo\/image\/","url":"https:\/\/aquamelli.es\/wp-content\/uploads\/sites\/318\/2024\/07\/cropped-logo-aquamelli-OK.png","contentUrl":"https:\/\/aquamelli.es\/wp-content\/uploads\/sites\/318\/2024\/07\/cropped-logo-aquamelli-OK.png","width":1108,"height":221,"caption":"Aquamelli"},"image":{"@id":"https:\/\/aquamelli.es\/en\/#\/schema\/logo\/image\/"}}]}},"_links":{"self":[{"href":"https:\/\/aquamelli.es\/en\/wp-json\/wp\/v2\/pages\/1479","targetHints":{"allow":["GET"]}}],"collection":[{"href":"https:\/\/aquamelli.es\/en\/wp-json\/wp\/v2\/pages"}],"about":[{"href":"https:\/\/aquamelli.es\/en\/wp-json\/wp\/v2\/types\/page"}],"author":[{"embeddable":true,"href":"https:\/\/aquamelli.es\/en\/wp-json\/wp\/v2\/users\/33"}],"replies":[{"embeddable":true,"href":"https:\/\/aquamelli.es\/en\/wp-json\/wp\/v2\/comments?post=1479"}],"version-history":[{"count":0,"href":"https:\/\/aquamelli.es\/en\/wp-json\/wp\/v2\/pages\/1479\/revisions"}],"wp:attachment":[{"href":"https:\/\/aquamelli.es\/en\/wp-json\/wp\/v2\/media?parent=1479"}],"curies":[{"name":"wp","href":"https:\/\/api.w.org\/{rel}","templated":true}]}}